{"id":184,"date":"2018-03-22T12:45:51","date_gmt":"2018-03-22T12:45:51","guid":{"rendered":"https:\/\/4jbs.de\/?page_id=184"},"modified":"2023-12-11T12:06:36","modified_gmt":"2023-12-11T12:06:36","slug":"anfrage","status":"publish","type":"page","link":"https:\/\/ferien-auf-eiderstedt.de\/?page_id=184","title":{"rendered":"Reservierungsanfrage"},"content":{"rendered":"\n<p>Hier k\u00f6nnen Sie feststellen, ob unsere Ferienwohnung zu Ihrem Wunschtermin frei ist.\u00a0Sie erhalten umgehend eine Best\u00e4tigung per E-Mail, in der auch die Konditionen noch mal festgehalten sind. F\u00fcr eine verbindliche Buchung antworten Sie dann bitte auf diese E-Mail. Wir w\u00fcrden uns freuen, wenn es klappt!<\/p>\n\n\n\n<div class=\"wp-block-contact-form-7-contact-form-selector\">\n<div class=\"wpcf7 no-js\" id=\"wpcf7-f186-o1\" lang=\"de-DE\" dir=\"ltr\" data-wpcf7-id=\"186\">\n<div class=\"screen-reader-response\"><p role=\"status\" aria-live=\"polite\" aria-atomic=\"true\"><\/p> <ul><\/ul><\/div>\n<form action=\"\/index.php?rest_route=%2Fwp%2Fv2%2Fpages%2F184#wpcf7-f186-o1\" method=\"post\" class=\"wpcf7-form init\" aria-label=\"Kontaktformular\" novalidate=\"novalidate\" data-status=\"init\">\n<fieldset class=\"hidden-fields-container\"><input type=\"hidden\" name=\"_wpcf7\" value=\"186\" \/><input type=\"hidden\" name=\"_wpcf7_version\" value=\"6.1.4\" \/><input type=\"hidden\" name=\"_wpcf7_locale\" value=\"de_DE\" \/><input type=\"hidden\" name=\"_wpcf7_unit_tag\" value=\"wpcf7-f186-o1\" \/><input type=\"hidden\" name=\"_wpcf7_container_post\" value=\"0\" \/><input type=\"hidden\" name=\"_wpcf7_posted_data_hash\" value=\"\" \/>\n<\/fieldset>\n<p><label> Ihr Name (Pflichtfeld) <span class=\"wpcf7-form-control-wrap\" data-name=\"your-name\"><input size=\"40\" maxlength=\"400\" class=\"wpcf7-form-control wpcf7-text wpcf7-validates-as-required\" aria-required=\"true\" aria-invalid=\"false\" value=\"\" type=\"text\" name=\"your-name\" \/><\/span> <\/label><br \/>\n<label> Ihre E-Mail-Adresse (Pflichtfeld) <span class=\"wpcf7-form-control-wrap\" data-name=\"your-email\"><input size=\"40\" maxlength=\"400\" class=\"wpcf7-form-control wpcf7-email wpcf7-validates-as-required wpcf7-text wpcf7-validates-as-email\" aria-required=\"true\" aria-invalid=\"false\" value=\"\" type=\"email\" name=\"your-email\" \/><\/span> <\/label><br \/>\nBitte reservieren Sie in der Zeit<br \/>\n<span class=\"wpcf7-form-control-wrap\" data-name=\"date-342\"><input class=\"wpcf7-form-control wpcf7-date wpcf7-validates-as-date\" min=\"2026-01-01\" max=\"2026-10-31\" aria-invalid=\"false\" value=\"\" type=\"date\" name=\"date-342\" \/><\/span> - <span class=\"wpcf7-form-control-wrap\" data-name=\"date-343\"><input class=\"wpcf7-form-control wpcf7-date wpcf7-validates-as-date\" max=\"2026-10-31\" aria-invalid=\"false\" value=\"\" type=\"date\" name=\"date-343\" \/><\/span><br \/>\n<label> Erg\u00e4nzende Informationen, W\u00fcnsche und Fragen <span class=\"wpcf7-form-control-wrap\" data-name=\"your-message\"><textarea cols=\"40\" rows=\"10\" maxlength=\"2000\" class=\"wpcf7-form-control wpcf7-textarea\" aria-invalid=\"false\" name=\"your-message\"><\/textarea><\/span> <\/label><br \/>\n<input class=\"wpcf7-form-control wpcf7-submit has-spinner\" type=\"submit\" value=\"Senden\" \/>\n<\/p><div class=\"wpcf7-response-output\" aria-hidden=\"true\"><\/div>\n<\/form>\n<\/div>\n<\/div>\n\n\n\n<p><\/p>\n","protected":false},"excerpt":{"rendered":"<p>Hier k\u00f6nnen Sie feststellen, ob unsere Ferienwohnung zu Ihrem Wunschtermin frei ist.\u00a0Sie erhalten umgehend eine Best\u00e4tigung per E-Mail, in der auch die Konditionen noch mal festgehalten sind. F\u00fcr eine verbindliche Buchung antworten Sie dann bitte auf diese E-Mail. Wir w\u00fcrden<\/p>\n","protected":false},"author":1,"featured_media":0,"parent":168,"menu_order":1,"comment_status":"closed","ping_status":"closed","template":"page-templates\/contact.php","meta":{"footnotes":""},"class_list":["post-184","page","type-page","status-publish","hentry"],"_links":{"self":[{"href":"https:\/\/ferien-auf-eiderstedt.de\/index.php?rest_route=\/wp\/v2\/pages\/184","targetHints":{"allow":["GET"]}}],"collection":[{"href":"https:\/\/ferien-auf-eiderstedt.de\/index.php?rest_route=\/wp\/v2\/pages"}],"about":[{"href":"https:\/\/ferien-auf-eiderstedt.de\/index.php?rest_route=\/wp\/v2\/types\/page"}],"author":[{"embeddable":true,"href":"https:\/\/ferien-auf-eiderstedt.de\/index.php?rest_route=\/wp\/v2\/users\/1"}],"replies":[{"embeddable":true,"href":"https:\/\/ferien-auf-eiderstedt.de\/index.php?rest_route=%2Fwp%2Fv2%2Fcomments&post=184"}],"version-history":[{"count":10,"href":"https:\/\/ferien-auf-eiderstedt.de\/index.php?rest_route=\/wp\/v2\/pages\/184\/revisions"}],"predecessor-version":[{"id":423,"href":"https:\/\/ferien-auf-eiderstedt.de\/index.php?rest_route=\/wp\/v2\/pages\/184\/revisions\/423"}],"up":[{"embeddable":true,"href":"https:\/\/ferien-auf-eiderstedt.de\/index.php?rest_route=\/wp\/v2\/pages\/168"}],"wp:attachment":[{"href":"https:\/\/ferien-auf-eiderstedt.de\/index.php?rest_route=%2Fwp%2Fv2%2Fmedia&parent=184"}],"curies":[{"name":"wp","href":"https:\/\/api.w.org\/{rel}","templated":true}]}}