{"id":20,"date":"2017-07-25T14:39:26","date_gmt":"2017-07-25T14:39:26","guid":{"rendered":"http:\/\/4jbs.de\/?page_id=20"},"modified":"2023-12-11T12:01:58","modified_gmt":"2023-12-11T12:01:58","slug":"willkommen","status":"publish","type":"page","link":"https:\/\/ferien-auf-eiderstedt.de\/","title":{"rendered":"Willkommen"},"content":{"rendered":"<p><strong>Willkommen auf Eiderstedt, der Halbinsel in der Nordsee zwischen Husum im Nordosten, T\u00f6nning im S\u00fcden und St. Peter-Ording im Westen!<\/strong><\/p>\n<p>Sie suchen ein Quartier f\u00fcr Ihren n\u00e4chsten Urlaub oder ein verl\u00e4ngertes Wochenende? Wie w\u00e4r&#8217;s mit einer Wohnung in diesem alten Reetdachhaus (Baujahr 1750)\u00a0 in <a href=\"http:\/\/www.uelvesbuell.de\" target=\"_blank\" rel=\"noopener noreferrer\">Uelvesb\u00fcll<\/a>? Oben sehen Sie den Ausblick, den Sie beim Abendessen genie\u00dfen k\u00f6nnten. Am n\u00f6rdlichen Horizont ist der Porrendeich zu sehen, ein so genannter Sommerdeich. Nur ein paar hundert Meter dahinter befindet sich der &#8222;richtige&#8220; Deich zur Husumer Bucht, gegen\u00fcber liegt Nordstrand. Das <a href=\"https:\/\/www.nationalpark-wattenmeer.de\/sh\" target=\"_blank\" rel=\"noopener noreferrer\">Schleswig-Holsteinisches Wattenmeer<\/a>, Nationalpark, Biosph\u00e4renreservat und Weltnaturerbe der UNESCO, ist also zum Greifen nah.<\/p>\n<p>In dem Reetdachhaus befinden sich zwei Wohnungen mit separaten Eing\u00e4ngen, jeweils etwa 55 qm Nutzfl\u00e4che und gro\u00dfen G\u00e4rten. Es steht auf einem knapp 1 ha gro\u00dfen Grundst\u00fcck, das teilweise als Viehweide genutzt wird. Es k\u00f6nnte also schon mal sein, dass Sie von einem freundlichen &#8222;Muhh&#8220; geweckt werden. Das Haus ist im \u00dcbrigen im Sommer 2023 komplett neu gedeckt worden.<\/p>\n<p>Wenn Sie sich daf\u00fcr begeistern k\u00f6nnten, schauen Sie sich doch mal auf diesen Seiten um.<\/p>\n<figure id=\"attachment_76\" aria-describedby=\"caption-attachment-76\" style=\"width: 370px\" class=\"wp-caption alignleft\"><a href=\"https:\/\/ferien-auf-eiderstedt.de\/wp-content\/uploads\/2018\/03\/Eingang-1.jpg\"><img loading=\"lazy\" decoding=\"async\" class=\"wp-image-76\" src=\"http:\/\/ferien-auf-eiderstedt.de\/wp-content\/uploads\/2018\/03\/Eingang-1-300x201.jpg\" alt=\"\" width=\"370\" height=\"248\" srcset=\"https:\/\/ferien-auf-eiderstedt.de\/wp-content\/uploads\/2018\/03\/Eingang-1-300x201.jpg 300w, https:\/\/ferien-auf-eiderstedt.de\/wp-content\/uploads\/2018\/03\/Eingang-1-768x514.jpg 768w, https:\/\/ferien-auf-eiderstedt.de\/wp-content\/uploads\/2018\/03\/Eingang-1-1024x685.jpg 1024w, https:\/\/ferien-auf-eiderstedt.de\/wp-content\/uploads\/2018\/03\/Eingang-1.jpg 1920w\" sizes=\"auto, (max-width: 370px) 100vw, 370px\" \/><\/a><figcaption id=\"caption-attachment-76\" class=\"wp-caption-text\">Eingang zur Ferienwohnung<\/figcaption><\/figure>\n<figure id=\"attachment_78\" aria-describedby=\"caption-attachment-78\" style=\"width: 370px\" class=\"wp-caption alignleft\"><a href=\"https:\/\/ferien-auf-eiderstedt.de\/wp-content\/uploads\/2018\/03\/Weide-1.jpg\"><img loading=\"lazy\" decoding=\"async\" class=\"wp-image-78\" src=\"http:\/\/ferien-auf-eiderstedt.de\/wp-content\/uploads\/2018\/03\/Weide-1-300x201.jpg\" alt=\"\" width=\"370\" height=\"248\" srcset=\"https:\/\/ferien-auf-eiderstedt.de\/wp-content\/uploads\/2018\/03\/Weide-1-300x201.jpg 300w, https:\/\/ferien-auf-eiderstedt.de\/wp-content\/uploads\/2018\/03\/Weide-1-768x514.jpg 768w, https:\/\/ferien-auf-eiderstedt.de\/wp-content\/uploads\/2018\/03\/Weide-1-1024x685.jpg 1024w, https:\/\/ferien-auf-eiderstedt.de\/wp-content\/uploads\/2018\/03\/Weide-1.jpg 1920w\" sizes=\"auto, (max-width: 370px) 100vw, 370px\" \/><\/a><figcaption id=\"caption-attachment-78\" class=\"wp-caption-text\">&#8222;Guten Morgen&#8220;<\/figcaption><\/figure>\n<figure id=\"attachment_138\" aria-describedby=\"caption-attachment-138\" style=\"width: 370px\" class=\"wp-caption alignleft\"><a href=\"https:\/\/ferien-auf-eiderstedt.de\/wp-content\/uploads\/2018\/03\/S\u00fcdseite-2.jpg\"><img loading=\"lazy\" decoding=\"async\" class=\"wp-image-138\" src=\"http:\/\/ferien-auf-eiderstedt.de\/wp-content\/uploads\/2018\/03\/S\u00fcdseite-2-300x200.jpg\" alt=\"\" width=\"370\" height=\"247\" srcset=\"https:\/\/ferien-auf-eiderstedt.de\/wp-content\/uploads\/2018\/03\/S\u00fcdseite-2-300x200.jpg 300w, https:\/\/ferien-auf-eiderstedt.de\/wp-content\/uploads\/2018\/03\/S\u00fcdseite-2-768x512.jpg 768w, https:\/\/ferien-auf-eiderstedt.de\/wp-content\/uploads\/2018\/03\/S\u00fcdseite-2-1024x683.jpg 1024w, https:\/\/ferien-auf-eiderstedt.de\/wp-content\/uploads\/2018\/03\/S\u00fcdseite-2.jpg 1600w\" sizes=\"auto, (max-width: 370px) 100vw, 370px\" \/><\/a><figcaption id=\"caption-attachment-138\" class=\"wp-caption-text\">Garten der S\u00fcdseite<\/figcaption><\/figure>\n","protected":false},"excerpt":{"rendered":"<p>Willkommen auf Eiderstedt, der Halbinsel in der Nordsee zwischen Husum im Nordosten, T\u00f6nning im S\u00fcden und St. Peter-Ording im Westen! Sie suchen ein Quartier f\u00fcr Ihren n\u00e4chsten Urlaub oder ein verl\u00e4ngertes Wochenende? Wie w\u00e4r&#8217;s mit einer Wohnung in diesem alten<\/p>\n","protected":false},"author":1,"featured_media":0,"parent":0,"menu_order":1,"comment_status":"closed","ping_status":"closed","template":"","meta":{"footnotes":""},"class_list":["post-20","page","type-page","status-publish","hentry"],"_links":{"self":[{"href":"https:\/\/ferien-auf-eiderstedt.de\/index.php?rest_route=\/wp\/v2\/pages\/20","targetHints":{"allow":["GET"]}}],"collection":[{"href":"https:\/\/ferien-auf-eiderstedt.de\/index.php?rest_route=\/wp\/v2\/pages"}],"about":[{"href":"https:\/\/ferien-auf-eiderstedt.de\/index.php?rest_route=\/wp\/v2\/types\/page"}],"author":[{"embeddable":true,"href":"https:\/\/ferien-auf-eiderstedt.de\/index.php?rest_route=\/wp\/v2\/users\/1"}],"replies":[{"embeddable":true,"href":"https:\/\/ferien-auf-eiderstedt.de\/index.php?rest_route=%2Fwp%2Fv2%2Fcomments&post=20"}],"version-history":[{"count":7,"href":"https:\/\/ferien-auf-eiderstedt.de\/index.php?rest_route=\/wp\/v2\/pages\/20\/revisions"}],"predecessor-version":[{"id":420,"href":"https:\/\/ferien-auf-eiderstedt.de\/index.php?rest_route=\/wp\/v2\/pages\/20\/revisions\/420"}],"wp:attachment":[{"href":"https:\/\/ferien-auf-eiderstedt.de\/index.php?rest_route=%2Fwp%2Fv2%2Fmedia&parent=20"}],"curies":[{"name":"wp","href":"https:\/\/api.w.org\/{rel}","templated":true}]}}